{"id":13207,"date":"2025-04-14T09:54:03","date_gmt":"2025-04-14T09:54:03","guid":{"rendered":"https:\/\/webrohub.com\/?page_id=13207"},"modified":"2026-04-02T12:51:09","modified_gmt":"2026-04-02T12:51:09","slug":"news","status":"publish","type":"page","link":"https:\/\/webrohub.com\/fr\/news\/","title":{"rendered":"Actualit\u00e9s"},"content":{"rendered":"<div data-elementor-type=\"wp-page\" data-elementor-id=\"13207\" class=\"elementor elementor-13207\" data-elementor-post-type=\"page\">\n\t\t\t\t\t\t<section class=\"elementor-section elementor-top-section elementor-element elementor-element-662929dc elementor-section-height-min-height elementor-section-boxed elementor-section-height-default elementor-section-items-middle\" data-id=\"662929dc\" data-element_type=\"section\" data-e-type=\"section\" data-settings=\"{&quot;background_background&quot;:&quot;classic&quot;}\">\n\t\t\t\t\t\t<div class=\"elementor-container elementor-column-gap-default\">\n\t\t\t\t\t<div class=\"elementor-column elementor-col-100 elementor-top-column elementor-element elementor-element-597422bb\" data-id=\"597422bb\" data-element_type=\"column\" data-e-type=\"column\">\n\t\t\t<div class=\"elementor-widget-wrap elementor-element-populated\">\n\t\t\t\t\t\t<div class=\"elementor-element elementor-element-6fcb46cc elementor-invisible elementor-widget elementor-widget-heading\" data-id=\"6fcb46cc\" data-element_type=\"widget\" data-e-type=\"widget\" data-settings=\"{&quot;_animation&quot;:&quot;fadeIn&quot;}\" data-widget_type=\"heading.default\">\n\t\t\t\t<div class=\"elementor-widget-container\">\n\t\t\t\t\t<h2 class=\"elementor-heading-title elementor-size-default\">Actualit\u00e9s<\/h2>\t\t\t\t<\/div>\n\t\t\t\t<\/div>\n\t\t\t\t<div class=\"elementor-element elementor-element-17c6d6a4 elementor-icon-list--layout-inline elementor-align-center elementor-list-item-link-full_width elementor-invisible elementor-widget elementor-widget-icon-list\" data-id=\"17c6d6a4\" data-element_type=\"widget\" data-e-type=\"widget\" data-settings=\"{&quot;_animation&quot;:&quot;fadeIn&quot;,&quot;_animation_delay&quot;:200}\" data-widget_type=\"icon-list.default\">\n\t\t\t\t<div class=\"elementor-widget-container\">\n\t\t\t\t\t\t\t<ul class=\"elementor-icon-list-items elementor-inline-items\">\n\t\t\t\t\t\t\t<li class=\"elementor-icon-list-item elementor-inline-item\">\n\t\t\t\t\t\t\t\t\t\t\t<a href=\"http:\/\/webrohub.com\/fr\/\">\n\n\t\t\t\t\t\t\t\t\t\t\t<span class=\"elementor-icon-list-text\">Accueil<\/span>\n\t\t\t\t\t\t\t\t\t\t\t<\/a>\n\t\t\t\t\t\t\t\t\t<\/li>\n\t\t\t\t\t\t\t\t<li class=\"elementor-icon-list-item elementor-inline-item\">\n\t\t\t\t\t\t\t\t\t\t\t<a href=\"\/fr\/news\/\">\n\n\t\t\t\t\t\t\t\t\t\t\t\t<span class=\"elementor-icon-list-icon\">\n\t\t\t\t\t\t\t<svg aria-hidden=\"true\" class=\"e-font-icon-svg e-fas-chevron-right\" viewbox=\"0 0 320 512\" xmlns=\"http:\/\/www.w3.org\/2000\/svg\"><path d=\"M285.476 272.971L91.132 467.314c-9.373 9.373-24.569 9.373-33.941 0l-22.667-22.667c-9.357-9.357-9.375-24.522-.04-33.901L188.505 256 34.484 101.255c-9.335-9.379-9.317-24.544.04-33.901l22.667-22.667c9.373-9.373 24.569-9.373 33.941 0L285.475 239.03c9.373 9.372 9.373 24.568.001 33.941z\"><\/path><\/svg>\t\t\t\t\t\t<\/span>\n\t\t\t\t\t\t\t\t\t\t<span class=\"elementor-icon-list-text\">Actualit\u00e9s<\/span>\n\t\t\t\t\t\t\t\t\t\t\t<\/a>\n\t\t\t\t\t\t\t\t\t<\/li>\n\t\t\t\t\t\t<\/ul>\n\t\t\t\t\t\t<\/div>\n\t\t\t\t<\/div>\n\t\t\t\t\t<\/div>\n\t\t<\/div>\n\t\t\t\t\t<\/div>\n\t\t<\/section>\n\t\t\t\t<section class=\"elementor-section elementor-top-section elementor-element elementor-element-317453f6 elementor-section-boxed elementor-section-height-default elementor-section-height-default\" data-id=\"317453f6\" data-element_type=\"section\" data-e-type=\"section\">\n\t\t\t\t\t\t<div class=\"elementor-container elementor-column-gap-default\">\n\t\t\t\t\t<div class=\"elementor-column elementor-col-66 elementor-top-column elementor-element elementor-element-53aa40d8\" data-id=\"53aa40d8\" data-element_type=\"column\" data-e-type=\"column\">\n\t\t\t<div class=\"elementor-widget-wrap elementor-element-populated\">\n\t\t\t\t\t\t<div class=\"elementor-element elementor-element-72545bd6 elementor-invisible elementor-widget elementor-widget-elementskit-blog-posts\" data-id=\"72545bd6\" data-element_type=\"widget\" data-e-type=\"widget\" data-settings=\"{&quot;_animation&quot;:&quot;fadeIn&quot;,&quot;_animation_delay&quot;:400}\" data-widget_type=\"elementskit-blog-posts.default\">\n\t\t\t\t<div class=\"elementor-widget-container\">\n\t\t\t\t\t<div class=\"ekit-wid-con\" >        <div id=\"post-items--72545bd6\" class=\"row post-items\">\n                    <div class=\"col-lg-6 col-md-6\">\n\n                                    <div class=\"elementskit-post-image-card\">\n                        <div class=\"elementskit-entry-header\">\n                                                            <a href=\"https:\/\/webrohub.com\/fr\/2026\/04\/07\/is-your-website-losing-clients-10-signs-to-watch\/\" class=\"elementskit-entry-thumb\">\n                                    <img decoding=\"async\" src=\"https:\/\/webrohub.com\/wp-content\/uploads\/2026\/04\/Is-your-website-losing-clients_-10-signs-to-watch-1024x576.png\" alt=\"Is Your Website Losing Clients? 10 Signs To Watch\">\n                                <\/a><!-- .elementskit-entry-thumb END -->\n                                                                                                    <div class=\"elementskit-meta-lists elementskit-style-tag\">\n                                        <div class=\"elementskit-single-meta triangle_left\"><span class=\"elementskit-meta-wraper\"><strong>07<\/strong>Avr<\/span><\/div>\n                                    <\/div>\n                                                                                            \n                                                            <div class=\"elementskit-meta-categories\">\n                                    <span class=\"elementskit-meta-wraper\">\n                                        <span><a href=\"https:\/\/webrohub.com\/fr\/category\/business\/\" rel=\"category tag\">Entreprise<\/a><\/span><span><a href=\"https:\/\/webrohub.com\/fr\/category\/news\/\" rel=\"category tag\">Actualit\u00e9s<\/a><\/span>\n                                    <\/span>\n                                <\/div>\n                            \n\t\t\t\t\t\t\t\t\t\t\t\t\t<\/div><!-- .elementskit-entry-header END -->\n\n\t\t\t\t\t\t<div class=\"elementskit-post-body\">\n\t\t\t\t\t\t\t\t\t\t\t\t\t\t\t\t\t\t\t\t<h2 class=\"entry-title\">\n\t\t\t\t\t<a href=\"https:\/\/webrohub.com\/fr\/2026\/04\/07\/is-your-website-losing-clients-10-signs-to-watch\/\">\n\t\t\t\t\t\tVotre site web perd-il des clients ? 10 signes \u00e0 ne pas ignorer\t\t\t\t\t<\/a>\n\t\t\t\t<\/h2>\n\t\t\t\t\t\t\t\t\t\t\t\n\t\t\t\t\t\t\t\t\t\t\t\t\t\t\t\t\t\t\t\t\t\t\t\t\t\n\t\t\t\t\t\t\t\t\n\t\t\t\t\t\t\t\t\t\t\t\t\t\t\t\t\t\t\t\t\t\t\t\t\t\t\t\t\t                                                    <\/div><!-- .elementskit-post-body END -->\n                    <\/div>\n                \n            <\/div>\n                    <div class=\"col-lg-6 col-md-6\">\n\n                                    <div class=\"elementskit-post-image-card\">\n                        <div class=\"elementskit-entry-header\">\n                                                            <a href=\"https:\/\/webrohub.com\/fr\/2026\/04\/02\/join-us-at-wordcamp-vienna-9-12th-april-2026\/\" class=\"elementskit-entry-thumb\">\n                                    <img decoding=\"async\" src=\"https:\/\/webrohub.com\/wp-content\/uploads\/2026\/04\/Join-us-at-WordCamp-Vienna-9-12th-April-2026-1024x576.png\" alt=\"Join us at WordCamp Vienna (10-11th April 2026)!\">\n                                <\/a><!-- .elementskit-entry-thumb END -->\n                                                                                                    <div class=\"elementskit-meta-lists elementskit-style-tag\">\n                                        <div class=\"elementskit-single-meta triangle_left\"><span class=\"elementskit-meta-wraper\"><strong>02<\/strong>Avr<\/span><\/div>\n                                    <\/div>\n                                                                                            \n                                                            <div class=\"elementskit-meta-categories\">\n                                    <span class=\"elementskit-meta-wraper\">\n                                        <span><a href=\"https:\/\/webrohub.com\/fr\/category\/events\/\" rel=\"category tag\">Events<\/a><\/span><span><a href=\"https:\/\/webrohub.com\/fr\/category\/news\/\" rel=\"category tag\">Actualit\u00e9s<\/a><\/span>\n                                    <\/span>\n                                <\/div>\n                            \n\t\t\t\t\t\t\t\t\t\t\t\t\t<\/div><!-- .elementskit-entry-header END -->\n\n\t\t\t\t\t\t<div class=\"elementskit-post-body\">\n\t\t\t\t\t\t\t\t\t\t\t\t\t\t\t\t\t\t\t\t<h2 class=\"entry-title\">\n\t\t\t\t\t<a href=\"https:\/\/webrohub.com\/fr\/2026\/04\/02\/join-us-at-wordcamp-vienna-9-12th-april-2026\/\">\n\t\t\t\t\t\tRejoignez-nous au WordCamp Vienne (du 10 au 11 avril 2026) !\t\t\t\t\t<\/a>\n\t\t\t\t<\/h2>\n\t\t\t\t\t\t\t\t\t\t\t\n\t\t\t\t\t\t\t\t\t\t\t\t\t\t\t\t\t\t\t\t\t\t\t\t\t\n\t\t\t\t\t\t\t\t\n\t\t\t\t\t\t\t\t\t\t\t\t\t\t\t\t\t\t\t\t\t\t\t\t\t\t\t\t\t                                                    <\/div><!-- .elementskit-post-body END -->\n                    <\/div>\n                \n            <\/div>\n                    <div class=\"col-lg-6 col-md-6\">\n\n                                    <div class=\"elementskit-post-image-card\">\n                        <div class=\"elementskit-entry-header\">\n                                                            <a href=\"https:\/\/webrohub.com\/fr\/2025\/06\/02\/what-website-maintenance-really-means-and-why-it-matters\/\" class=\"elementskit-entry-thumb\">\n                                    <img decoding=\"async\" src=\"https:\/\/webrohub.com\/wp-content\/uploads\/2025\/05\/1-1024x576.png\" alt=\"Website Maintenance: All You Need to Know About It in 2025\">\n                                <\/a><!-- .elementskit-entry-thumb END -->\n                                                                                                    <div class=\"elementskit-meta-lists elementskit-style-tag\">\n                                        <div class=\"elementskit-single-meta triangle_left\"><span class=\"elementskit-meta-wraper\"><strong>02<\/strong>Juin<\/span><\/div>\n                                    <\/div>\n                                                                                            \n                                                            <div class=\"elementskit-meta-categories\">\n                                    <span class=\"elementskit-meta-wraper\">\n                                        <span><a href=\"https:\/\/webrohub.com\/fr\/category\/business\/\" rel=\"category tag\">Entreprise<\/a><\/span><span><a href=\"https:\/\/webrohub.com\/fr\/category\/e-commerce\/\" rel=\"category tag\">E-Commerce<\/a><\/span>\n                                    <\/span>\n                                <\/div>\n                            \n\t\t\t\t\t\t\t\t\t\t\t\t\t<\/div><!-- .elementskit-entry-header END -->\n\n\t\t\t\t\t\t<div class=\"elementskit-post-body\">\n\t\t\t\t\t\t\t\t\t\t\t\t\t\t\t\t\t\t\t\t<h2 class=\"entry-title\">\n\t\t\t\t\t<a href=\"https:\/\/webrohub.com\/fr\/2025\/06\/02\/what-website-maintenance-really-means-and-why-it-matters\/\">\n\t\t\t\t\t\tMaintenance de site web : tout ce que vous devez savoir en 2025\t\t\t\t\t<\/a>\n\t\t\t\t<\/h2>\n\t\t\t\t\t\t\t\t\t\t\t\n\t\t\t\t\t\t\t\t\t\t\t\t\t\t\t\t\t\t\t\t\t\t\t\t\t\n\t\t\t\t\t\t\t\t\n\t\t\t\t\t\t\t\t\t\t\t\t\t\t\t\t\t\t\t\t\t\t\t\t\t\t\t\t\t                                                    <\/div><!-- .elementskit-post-body END -->\n                    <\/div>\n                \n            <\/div>\n                    <div class=\"col-lg-6 col-md-6\">\n\n                                    <div class=\"elementskit-post-image-card\">\n                        <div class=\"elementskit-entry-header\">\n                                                            <a href=\"https:\/\/webrohub.com\/fr\/2025\/05\/26\/6-wordpress-myths-you-need-to-forget\/\" class=\"elementskit-entry-thumb\">\n                                    <img decoding=\"async\" src=\"https:\/\/webrohub.com\/wp-content\/uploads\/2022\/08\/1-1024x576.png\" alt=\"6 WordPress Myths You Need to Forget\">\n                                <\/a><!-- .elementskit-entry-thumb END -->\n                                                                                                    <div class=\"elementskit-meta-lists elementskit-style-tag\">\n                                        <div class=\"elementskit-single-meta triangle_left\"><span class=\"elementskit-meta-wraper\"><strong>26<\/strong>Mai<\/span><\/div>\n                                    <\/div>\n                                                                                            \n                                                            <div class=\"elementskit-meta-categories\">\n                                    <span class=\"elementskit-meta-wraper\">\n                                        <span><a href=\"https:\/\/webrohub.com\/fr\/category\/business\/\" rel=\"category tag\">Entreprise<\/a><\/span>\n                                    <\/span>\n                                <\/div>\n                            \n\t\t\t\t\t\t\t\t\t\t\t\t\t<\/div><!-- .elementskit-entry-header END -->\n\n\t\t\t\t\t\t<div class=\"elementskit-post-body\">\n\t\t\t\t\t\t\t\t\t\t\t\t\t\t\t\t\t\t\t\t<h2 class=\"entry-title\">\n\t\t\t\t\t<a href=\"https:\/\/webrohub.com\/fr\/2025\/05\/26\/6-wordpress-myths-you-need-to-forget\/\">\n\t\t\t\t\t\t6 mythes sur WordPress \u00e0 oublier d\u2019urgence\t\t\t\t\t<\/a>\n\t\t\t\t<\/h2>\n\t\t\t\t\t\t\t\t\t\t\t\n\t\t\t\t\t\t\t\t\t\t\t\t\t\t\t\t\t\t\t\t\t\t\t\t\t\n\t\t\t\t\t\t\t\t\n\t\t\t\t\t\t\t\t\t\t\t\t\t\t\t\t\t\t\t\t\t\t\t\t\t\t\t\t\t                                                    <\/div><!-- .elementskit-post-body END -->\n                    <\/div>\n                \n            <\/div>\n                <\/div>\n       <\/div>\t\t\t\t<\/div>\n\t\t\t\t<\/div>\n\t\t\t\t\t<\/div>\n\t\t<\/div>\n\t\t\t\t<div class=\"elementor-column elementor-col-33 elementor-top-column elementor-element elementor-element-69c6aed\" data-id=\"69c6aed\" data-element_type=\"column\" data-e-type=\"column\">\n\t\t\t<div class=\"elementor-widget-wrap elementor-element-populated\">\n\t\t\t\t\t\t<section class=\"elementor-section elementor-inner-section elementor-element elementor-element-71847094 elementor-section-boxed elementor-section-height-default elementor-section-height-default\" data-id=\"71847094\" data-element_type=\"section\" data-e-type=\"section\">\n\t\t\t\t\t\t<div class=\"elementor-container elementor-column-gap-default\">\n\t\t\t\t\t<div class=\"elementor-column elementor-col-100 elementor-inner-column elementor-element elementor-element-152a9e52\" data-id=\"152a9e52\" data-element_type=\"column\" data-e-type=\"column\">\n\t\t\t<div class=\"elementor-widget-wrap elementor-element-populated\">\n\t\t\t\t\t\t<div class=\"elementor-element elementor-element-1d75a3b3 elementor-widget elementor-widget-heading\" data-id=\"1d75a3b3\" data-element_type=\"widget\" data-e-type=\"widget\" data-widget_type=\"heading.default\">\n\t\t\t\t<div class=\"elementor-widget-container\">\n\t\t\t\t\t<h3 class=\"elementor-heading-title elementor-size-default\">Derni\u00e8res actualit\u00e9s<\/h3>\t\t\t\t<\/div>\n\t\t\t\t<\/div>\n\t\t\t\t<div class=\"elementor-element elementor-element-2719ad0a elementor-widget-divider--view-line elementor-widget elementor-widget-divider\" data-id=\"2719ad0a\" data-element_type=\"widget\" data-e-type=\"widget\" data-widget_type=\"divider.default\">\n\t\t\t\t<div class=\"elementor-widget-container\">\n\t\t\t\t\t\t\t<div class=\"elementor-divider\">\n\t\t\t<span class=\"elementor-divider-separator\">\n\t\t\t\t\t\t<\/span>\n\t\t<\/div>\n\t\t\t\t\t\t<\/div>\n\t\t\t\t<\/div>\n\t\t\t\t<div class=\"elementor-element elementor-element-b66de78 elementor-widget elementor-widget-elementskit-post-list\" data-id=\"b66de78\" data-element_type=\"widget\" data-e-type=\"widget\" data-widget_type=\"elementskit-post-list.default\">\n\t\t\t\t<div class=\"elementor-widget-container\">\n\t\t\t\t\t<div class=\"ekit-wid-con\" >\t\t<ul class=\"elementor-icon-list-items ekit-post-list-wrapper\">\n\t\t\t\t\t\t<li class=\"elementor-icon-list-item\">\n\t\t\t\t<a href=\"https:\/\/webrohub.com\/es\/2026\/04\/07\/is-your-website-losing-clients-10-signs-to-watch\/\" >\n\t\t\t\t\t<img fetchpriority=\"high\" decoding=\"async\" width=\"800\" height=\"450\" src=\"https:\/\/webrohub.com\/wp-content\/uploads\/2026\/04\/Is-your-website-losing-clients_-10-signs-to-watch-1024x576.png\" class=\"attachment-large size-large wp-post-image\" alt=\"Is your website losing clients_ 10 signs to watch\" srcset=\"https:\/\/webrohub.com\/wp-content\/uploads\/2026\/04\/Is-your-website-losing-clients_-10-signs-to-watch-1024x576.png 1024w, https:\/\/webrohub.com\/wp-content\/uploads\/2026\/04\/Is-your-website-losing-clients_-10-signs-to-watch-300x169.png 300w, https:\/\/webrohub.com\/wp-content\/uploads\/2026\/04\/Is-your-website-losing-clients_-10-signs-to-watch-768x432.png 768w, https:\/\/webrohub.com\/wp-content\/uploads\/2026\/04\/Is-your-website-losing-clients_-10-signs-to-watch-1536x864.png 1536w, https:\/\/webrohub.com\/wp-content\/uploads\/2026\/04\/Is-your-website-losing-clients_-10-signs-to-watch-18x10.png 18w, https:\/\/webrohub.com\/wp-content\/uploads\/2026\/04\/Is-your-website-losing-clients_-10-signs-to-watch.png 1920w\" sizes=\"(max-width: 800px) 100vw, 800px\" \/>\t\t\t\t\t<div class=\"ekit_post_list_content_wraper\">\n\t\t\t\t\t\t\t\t\t\t\t\t\t\t\t\t\t\t<div class=\"meta-lists\">\n\t\t\t\t\t\t\t\t\t\t\t\t\t\t<span class=\"meta-date\">\n\n\t\t\t\t\t\t\t\t\n\t\t\t\t\t\t\t\t07 Abr 2026\t\t\t\t\t\t\t<\/span>\n\t\t\t\t\t\t\t\n\t\t\t\t\t\t\t\t\t\t\t\t\t<\/div>\n\t\t\t\t\t\t\n\t\t\t\t\t\t<span class=\"elementor-icon-list-text\">Votre site web perd-il des clients ? 10 signes \u00e0 ne pas ignorer<\/span>\n\n\t\t\t\t\t\t\t\t\t\t\t<\/div>\n\t\t\t\t<\/a>\n\t\t\t<\/li>\n\t\t\t\t\t<li class=\"elementor-icon-list-item\">\n\t\t\t\t<a href=\"https:\/\/webrohub.com\/es\/2026\/04\/02\/join-us-at-wordcamp-vienna-9-12th-april-2026\/\" >\n\t\t\t\t\t<img decoding=\"async\" width=\"800\" height=\"450\" src=\"https:\/\/webrohub.com\/wp-content\/uploads\/2026\/04\/Join-us-at-WordCamp-Vienna-9-12th-April-2026-1024x576.png\" class=\"attachment-large size-large wp-post-image\" alt=\"Join us at WordCamp Vienna (9-12th April 2026)!\" srcset=\"https:\/\/webrohub.com\/wp-content\/uploads\/2026\/04\/Join-us-at-WordCamp-Vienna-9-12th-April-2026-1024x576.png 1024w, https:\/\/webrohub.com\/wp-content\/uploads\/2026\/04\/Join-us-at-WordCamp-Vienna-9-12th-April-2026-300x169.png 300w, https:\/\/webrohub.com\/wp-content\/uploads\/2026\/04\/Join-us-at-WordCamp-Vienna-9-12th-April-2026-768x432.png 768w, https:\/\/webrohub.com\/wp-content\/uploads\/2026\/04\/Join-us-at-WordCamp-Vienna-9-12th-April-2026-1536x864.png 1536w, https:\/\/webrohub.com\/wp-content\/uploads\/2026\/04\/Join-us-at-WordCamp-Vienna-9-12th-April-2026-18x10.png 18w, https:\/\/webrohub.com\/wp-content\/uploads\/2026\/04\/Join-us-at-WordCamp-Vienna-9-12th-April-2026.png 1920w\" sizes=\"(max-width: 800px) 100vw, 800px\" \/>\t\t\t\t\t<div class=\"ekit_post_list_content_wraper\">\n\t\t\t\t\t\t\t\t\t\t\t\t\t\t\t\t\t\t<div class=\"meta-lists\">\n\t\t\t\t\t\t\t\t\t\t\t\t\t\t<span class=\"meta-date\">\n\n\t\t\t\t\t\t\t\t\n\t\t\t\t\t\t\t\t02 Abr 2026\t\t\t\t\t\t\t<\/span>\n\t\t\t\t\t\t\t\n\t\t\t\t\t\t\t\t\t\t\t\t\t<\/div>\n\t\t\t\t\t\t\n\t\t\t\t\t\t<span class=\"elementor-icon-list-text\">Rejoignez-nous au WordCamp Vienne (du 10 au 11 avril 2026) !<\/span>\n\n\t\t\t\t\t\t\t\t\t\t\t<\/div>\n\t\t\t\t<\/a>\n\t\t\t<\/li>\n\t\t\t\t\t<li class=\"elementor-icon-list-item\">\n\t\t\t\t<a href=\"https:\/\/webrohub.com\/es\/2025\/06\/02\/what-website-maintenance-really-means-and-why-it-matters\/\" >\n\t\t\t\t\t<img decoding=\"async\" width=\"800\" height=\"450\" src=\"https:\/\/webrohub.com\/wp-content\/uploads\/2025\/05\/1-1024x576.png\" class=\"attachment-large size-large wp-post-image\" alt=\"What Website Maintenance Really Means \u2013 And Why It Matters\" srcset=\"https:\/\/webrohub.com\/wp-content\/uploads\/2025\/05\/1-1024x576.png 1024w, https:\/\/webrohub.com\/wp-content\/uploads\/2025\/05\/1-300x169.png 300w, https:\/\/webrohub.com\/wp-content\/uploads\/2025\/05\/1-768x432.png 768w, https:\/\/webrohub.com\/wp-content\/uploads\/2025\/05\/1-1536x864.png 1536w, https:\/\/webrohub.com\/wp-content\/uploads\/2025\/05\/1-18x10.png 18w, https:\/\/webrohub.com\/wp-content\/uploads\/2025\/05\/1.png 1920w\" sizes=\"(max-width: 800px) 100vw, 800px\" \/>\t\t\t\t\t<div class=\"ekit_post_list_content_wraper\">\n\t\t\t\t\t\t\t\t\t\t\t\t\t\t\t\t\t\t<div class=\"meta-lists\">\n\t\t\t\t\t\t\t\t\t\t\t\t\t\t<span class=\"meta-date\">\n\n\t\t\t\t\t\t\t\t\n\t\t\t\t\t\t\t\t02 Jun 2025\t\t\t\t\t\t\t<\/span>\n\t\t\t\t\t\t\t\n\t\t\t\t\t\t\t\t\t\t\t\t\t<\/div>\n\t\t\t\t\t\t\n\t\t\t\t\t\t<span class=\"elementor-icon-list-text\">Maintenance de site web : tout ce que vous devez savoir en 2025<\/span>\n\n\t\t\t\t\t\t\t\t\t\t\t<\/div>\n\t\t\t\t<\/a>\n\t\t\t<\/li>\n\t\t\t\t<\/ul>\n\t\t<\/div>\t\t\t\t<\/div>\n\t\t\t\t<\/div>\n\t\t\t\t\t<\/div>\n\t\t<\/div>\n\t\t\t\t\t<\/div>\n\t\t<\/section>\n\t\t\t\t<section class=\"elementor-section elementor-inner-section elementor-element elementor-element-4da968d5 elementor-section-boxed elementor-section-height-default elementor-section-height-default\" data-id=\"4da968d5\" data-element_type=\"section\" data-e-type=\"section\">\n\t\t\t\t\t\t<div class=\"elementor-container elementor-column-gap-default\">\n\t\t\t\t\t<div class=\"elementor-column elementor-col-100 elementor-inner-column elementor-element elementor-element-4d56948e\" data-id=\"4d56948e\" data-element_type=\"column\" data-e-type=\"column\">\n\t\t\t<div class=\"elementor-widget-wrap elementor-element-populated\">\n\t\t\t\t\t\t<div class=\"elementor-element elementor-element-1e7e2b0 elementor-widget elementor-widget-wp-widget-categories\" data-id=\"1e7e2b0\" data-element_type=\"widget\" data-e-type=\"widget\" data-widget_type=\"wp-widget-categories.default\">\n\t\t\t\t<div class=\"elementor-widget-container\">\n\t\t\t\t\t<h5>Cat\u00e9gories<\/h5><nav aria-label=\"Cat\u00e9gories\">\n\t\t\t<ul>\n\t\t\t\t\t<li class=\"cat-item cat-item-58\"><a href=\"https:\/\/webrohub.com\/fr\/category\/business\/\">Entreprise<\/a>\n<\/li>\n\t<li class=\"cat-item cat-item-61\"><a href=\"https:\/\/webrohub.com\/fr\/category\/e-commerce\/\">E-Commerce<\/a>\n<\/li>\n\t<li class=\"cat-item cat-item-73\"><a href=\"https:\/\/webrohub.com\/fr\/category\/events\/\">Events<\/a>\n<\/li>\n\t<li class=\"cat-item cat-item-74\"><a href=\"https:\/\/webrohub.com\/fr\/category\/news\/\">Actualit\u00e9s<\/a>\n<\/li>\n\t\t\t<\/ul>\n\n\t\t\t<\/nav>\t\t\t\t<\/div>\n\t\t\t\t<\/div>\n\t\t\t\t\t<\/div>\n\t\t<\/div>\n\t\t\t\t\t<\/div>\n\t\t<\/section>\n\t\t\t\t<section class=\"elementor-section elementor-inner-section elementor-element elementor-element-37079e4 elementor-section-boxed elementor-section-height-default elementor-section-height-default\" data-id=\"37079e4\" data-element_type=\"section\" data-e-type=\"section\">\n\t\t\t\t\t\t<div class=\"elementor-container elementor-column-gap-default\">\n\t\t\t\t\t<div class=\"elementor-column elementor-col-100 elementor-inner-column elementor-element elementor-element-1e85a1e0\" data-id=\"1e85a1e0\" data-element_type=\"column\" data-e-type=\"column\">\n\t\t\t<div class=\"elementor-widget-wrap elementor-element-populated\">\n\t\t\t\t\t\t<div class=\"elementor-element elementor-element-4d4aee2f elementor-widget elementor-widget-heading\" data-id=\"4d4aee2f\" data-element_type=\"widget\" data-e-type=\"widget\" data-widget_type=\"heading.default\">\n\t\t\t\t<div class=\"elementor-widget-container\">\n\t\t\t\t\t<h3 class=\"elementor-heading-title elementor-size-default\">Besoin d'aide ?<\/h3>\t\t\t\t<\/div>\n\t\t\t\t<\/div>\n\t\t\t\t<div class=\"elementor-element elementor-element-4be3a511 elementor-widget-divider--view-line elementor-widget elementor-widget-divider\" data-id=\"4be3a511\" data-element_type=\"widget\" data-e-type=\"widget\" data-widget_type=\"divider.default\">\n\t\t\t\t<div class=\"elementor-widget-container\">\n\t\t\t\t\t\t\t<div class=\"elementor-divider\">\n\t\t\t<span class=\"elementor-divider-separator\">\n\t\t\t\t\t\t<\/span>\n\t\t<\/div>\n\t\t\t\t\t\t<\/div>\n\t\t\t\t<\/div>\n\t\t\t\t<div class=\"elementor-element elementor-element-5a234987 elementor-widget elementor-widget-text-editor\" data-id=\"5a234987\" data-element_type=\"widget\" data-e-type=\"widget\" data-widget_type=\"text-editor.default\">\n\t\t\t\t<div class=\"elementor-widget-container\">\n\t\t\t\t\t\t\t\t\t<p>Pour toute question ou information compl\u00e9mentaire, n'h\u00e9sitez pas \u00e0 nous contacter !<\/p>\t\t\t\t\t\t\t\t<\/div>\n\t\t\t\t<\/div>\n\t\t\t\t<div class=\"elementor-element elementor-element-4457b537 elementor-align-left elementor-mobile-align-left elementor-widget elementor-widget-button\" data-id=\"4457b537\" data-element_type=\"widget\" data-e-type=\"widget\" data-widget_type=\"button.default\">\n\t\t\t\t<div class=\"elementor-widget-container\">\n\t\t\t\t\t\t\t\t\t<div class=\"elementor-button-wrapper\">\n\t\t\t\t\t<a class=\"elementor-button elementor-button-link elementor-size-sm\" href=\"\/fr\/contact\/\">\n\t\t\t\t\t\t<span class=\"elementor-button-content-wrapper\">\n\t\t\t\t\t\t\t\t\t<span class=\"elementor-button-text\">Nous contacter<\/span>\n\t\t\t\t\t<\/span>\n\t\t\t\t\t<\/a>\n\t\t\t\t<\/div>\n\t\t\t\t\t\t\t\t<\/div>\n\t\t\t\t<\/div>\n\t\t\t\t\t<\/div>\n\t\t<\/div>\n\t\t\t\t\t<\/div>\n\t\t<\/section>\n\t\t\t\t\t<\/div>\n\t\t<\/div>\n\t\t\t\t\t<\/div>\n\t\t<\/section>\n\t\t\t\t<\/div>","protected":false},"excerpt":{"rendered":"<p>News Home News 02Apr EventsNews Join us at WordCamp Vienna (9-12th April 2026)! 02Jun BusinessE-Commerce Website Maintenance: All You Need to Know About It in 2025 26May Business 6 WordPress Myths You Need to Forget Latest News 02 Apr 2026 Join us at WordCamp Vienna (9-12th April 2026)! 02 Jun 2025 Website Maintenance: All You [&hellip;]<\/p>\n","protected":false},"author":1,"featured_media":0,"parent":0,"menu_order":0,"comment_status":"closed","ping_status":"closed","template":"","meta":{"footnotes":""},"class_list":["post-13207","page","type-page","status-publish","hentry"],"aioseo_notices":[],"_links":{"self":[{"href":"https:\/\/webrohub.com\/fr\/wp-json\/wp\/v2\/pages\/13207","targetHints":{"allow":["GET"]}}],"collection":[{"href":"https:\/\/webrohub.com\/fr\/wp-json\/wp\/v2\/pages"}],"about":[{"href":"https:\/\/webrohub.com\/fr\/wp-json\/wp\/v2\/types\/page"}],"author":[{"embeddable":true,"href":"https:\/\/webrohub.com\/fr\/wp-json\/wp\/v2\/users\/1"}],"replies":[{"embeddable":true,"href":"https:\/\/webrohub.com\/fr\/wp-json\/wp\/v2\/comments?post=13207"}],"version-history":[{"count":50,"href":"https:\/\/webrohub.com\/fr\/wp-json\/wp\/v2\/pages\/13207\/revisions"}],"predecessor-version":[{"id":14331,"href":"https:\/\/webrohub.com\/fr\/wp-json\/wp\/v2\/pages\/13207\/revisions\/14331"}],"wp:attachment":[{"href":"https:\/\/webrohub.com\/fr\/wp-json\/wp\/v2\/media?parent=13207"}],"curies":[{"name":"wp","href":"https:\/\/api.w.org\/{rel}","templated":true}]}}